{"id":3559,"date":"2021-05-13T02:24:28","date_gmt":"2021-05-13T02:24:28","guid":{"rendered":"https:\/\/turkeyistanbulmedical.com\/?page_id=3559"},"modified":"2024-05-30T11:23:10","modified_gmt":"2024-05-30T11:23:10","slug":"iletisim","status":"publish","type":"page","link":"https:\/\/turkeyistanbulmedical.com\/tr\/iletisim\/","title":{"rendered":"\u0130leti\u015fim"},"content":{"rendered":"\t\t<div data-elementor-type=\"wp-page\" data-elementor-id=\"3559\" class=\"elementor elementor-3559 elementor-24\">\n\t\t\t\t\t\t\t\t\t<section class=\"elementor-section elementor-top-section elementor-element elementor-element-99fd39f elementor-section-height-min-height elementor-section-boxed elementor-section-height-default elementor-section-items-middle\" data-id=\"99fd39f\" data-element_type=\"section\" data-settings=\"{&quot;background_background&quot;:&quot;classic&quot;,&quot;shape_divider_bottom&quot;:&quot;waves&quot;}\">\n\t\t\t\t\t\t\t<div class=\"elementor-background-overlay\"><\/div>\n\t\t\t\t\t\t<div class=\"elementor-shape elementor-shape-bottom\" data-negative=\"false\">\n\t\t\t<svg xmlns=\"http:\/\/www.w3.org\/2000\/svg\" viewBox=\"0 0 1000 100\" preserveAspectRatio=\"none\">\n\t<path class=\"elementor-shape-fill\" d=\"M421.9,6.5c22.6-2.5,51.5,0.4,75.5,5.3c23.6,4.9,70.9,23.5,100.5,35.7c75.8,32.2,133.7,44.5,192.6,49.7\n\tc23.6,2.1,48.7,3.5,103.4-2.5c54.7-6,106.2-25.6,106.2-25.6V0H0v30.3c0,0,72,32.6,158.4,30.5c39.2-0.7,92.8-6.7,134-22.4\n\tc21.2-8.1,52.2-18.2,79.7-24.2C399.3,7.9,411.6,7.5,421.9,6.5z\"\/>\n<\/svg>\t\t<\/div>\n\t\t\t\t\t<div class=\"elementor-container elementor-column-gap-default\">\n\t\t\t\t\t<div class=\"elementor-column elementor-col-100 elementor-top-column elementor-element elementor-element-191878b\" data-id=\"191878b\" data-element_type=\"column\">\n\t\t\t<div class=\"elementor-widget-wrap elementor-element-populated\">\n\t\t\t\t\t\t\t\t<div class=\"elementor-element elementor-element-8a4a801 elementor-align-center elementor-widget elementor-widget-breadcrumbs\" data-id=\"8a4a801\" data-element_type=\"widget\" data-widget_type=\"breadcrumbs.default\">\n\t\t\t\t<div class=\"elementor-widget-container\">\n\t\t\t<p id=\"breadcrumbs\"><span><span><a href=\"https:\/\/turkeyistanbulmedical.com\/tr\/\">Home<\/a><\/span><\/p>\t\t<\/div>\n\t\t\t\t<\/div>\n\t\t\t\t<div class=\"elementor-element elementor-element-94851e0 elementor-widget elementor-widget-heading\" data-id=\"94851e0\" data-element_type=\"widget\" data-widget_type=\"heading.default\">\n\t\t\t\t<div class=\"elementor-widget-container\">\n\t\t\t<h2 class=\"elementor-heading-title elementor-size-default\"><a href=\"https:\/\/turkeyistanbulmedical.com\/tr\/iletisim\/\">\u0130leti\u015fim<\/a><\/h2>\t\t<\/div>\n\t\t\t\t<\/div>\n\t\t\t\t\t<\/div>\n\t\t<\/div>\n\t\t\t\t\t\t\t<\/div>\n\t\t<\/section>\n\t\t\t\t<section class=\"elementor-section elementor-top-section elementor-element elementor-element-51d70a9 elementor-section-boxed elementor-section-height-default elementor-section-height-default\" data-id=\"51d70a9\" data-element_type=\"section\">\n\t\t\t\t\t\t<div class=\"elementor-container elementor-column-gap-default\">\n\t\t\t\t\t<div class=\"elementor-column elementor-col-50 elementor-top-column elementor-element elementor-element-977728a\" data-id=\"977728a\" data-element_type=\"column\">\n\t\t\t<div class=\"elementor-widget-wrap elementor-element-populated\">\n\t\t\t\t\t\t\t\t<div class=\"elementor-element elementor-element-64b3e11 elementor-widget elementor-widget-google_maps\" data-id=\"64b3e11\" data-element_type=\"widget\" data-widget_type=\"google_maps.default\">\n\t\t\t\t<div class=\"elementor-widget-container\">\n\t\t\t\t\t<div class=\"elementor-custom-embed\">\n\t\t\t<iframe frameborder=\"0\" scrolling=\"no\" marginheight=\"0\" marginwidth=\"0\"\n\t\t\t\t\tsrc=\"https:\/\/maps.google.com\/maps?q=Ergenekon%2C%20Cumhuriyet%20Cd.%20No%3A175%2C%2034373%20%C5%9Ei%C5%9Fli%2F%C4%B0stanbul&#038;t=m&#038;z=16&#038;output=embed&#038;iwloc=near\"\n\t\t\t\t\ttitle=\"Ergenekon, Cumhuriyet Cd. No:175, 34373 \u015ei\u015fli\/\u0130stanbul\"\n\t\t\t\t\taria-label=\"Ergenekon, Cumhuriyet Cd. No:175, 34373 \u015ei\u015fli\/\u0130stanbul\"\n\t\t\t><\/iframe>\n\t\t<\/div>\n\t\t\t\t<\/div>\n\t\t\t\t<\/div>\n\t\t\t\t\t<\/div>\n\t\t<\/div>\n\t\t\t\t<div class=\"elementor-column elementor-col-50 elementor-top-column elementor-element elementor-element-bca232f\" data-id=\"bca232f\" data-element_type=\"column\">\n\t\t\t<div class=\"elementor-widget-wrap elementor-element-populated\">\n\t\t\t\t\t\t\t\t<div class=\"elementor-element elementor-element-0cd12aa elementor-widget elementor-widget-text-editor\" data-id=\"0cd12aa\" data-element_type=\"widget\" data-widget_type=\"text-editor.default\">\n\t\t\t\t<div class=\"elementor-widget-container\">\n\t\t\t\t\t\t\t<h2><strong>Adres<\/strong><\/h2><p>Ergenekon Mah. Cumhuriyet Cd. No:175\/4<br \/>\u015ei\u015fli \/ ISTANBUL \/ TURKEY<\/p><h2><strong>Bizimle ileti\u015fime ge\u00e7in<\/strong><\/h2><p>Phone : + (90) 507 430 15 56<br \/>Mob : + (90) 212 256 99 98<br \/>Email : info@turkeyistanbulmedical.com<\/p><h2><strong>\u00c7al\u0131\u015fma Saatlerimiz<\/strong><\/h2><p>PZT-CUM : 10:00 \u2013 20:00<br \/>CMT-PZR : 10:00 \u2013 20:00<\/p>\t\t\t\t\t\t<\/div>\n\t\t\t\t<\/div>\n\t\t\t\t\t<\/div>\n\t\t<\/div>\n\t\t\t\t\t\t\t<\/div>\n\t\t<\/section>\n\t\t\t\t\t\t\t<\/div>\n\t\t","protected":false},"excerpt":{"rendered":"<p>Adres Ergenekon Mah. Cumhuriyet Cd. No:175\/4\u015ei\u015fli \/ ISTANBUL \/ TURKEY Bizimle ileti\u015fime ge\u00e7in Phone : + (90) 507 430 15 56Mob : + (90) 212 256 99 98Email : info@turkeyistanbulmedical.com \u00c7al\u0131\u015fma Saatlerimiz PZT-CUM : 10:00 \u2013 20:00CMT-PZR : 10:00 \u2013 20:00<\/p>\n","protected":false},"author":3,"featured_media":0,"parent":0,"menu_order":0,"comment_status":"closed","ping_status":"closed","template":"elementor_header_footer","meta":[],"yoast_head":"<!-- This site is optimized with the Yoast SEO Premium plugin v17.5 (Yoast SEO v18.4.1) - https:\/\/yoast.com\/wordpress\/plugins\/seo\/ -->\n<title>\u0130leti\u015fim - Turkey Istanbul Medical<\/title>\n<meta name=\"robots\" content=\"index, follow, max-snippet:-1, max-image-preview:large, max-video-preview:-1\" \/>\n<link rel=\"canonical\" href=\"https:\/\/turkeyistanbulmedical.com\/tr\/iletisim\/\" \/>\n<meta property=\"og:locale\" content=\"tr_TR\" \/>\n<meta property=\"og:type\" content=\"article\" \/>\n<meta property=\"og:title\" content=\"\u0130leti\u015fim\" \/>\n<meta property=\"og:description\" content=\"Adres Ergenekon Mah. Cumhuriyet Cd. No:175\/4\u015ei\u015fli \/ ISTANBUL \/ TURKEY Bizimle ileti\u015fime ge\u00e7in Phone : + (90) 507 430 15 56Mob : + (90) 212 256 99 98Email : info@turkeyistanbulmedical.com \u00c7al\u0131\u015fma Saatlerimiz PZT-CUM : 10:00 \u2013 20:00CMT-PZR : 10:00 \u2013 20:00\" \/>\n<meta property=\"og:url\" content=\"https:\/\/turkeyistanbulmedical.com\/tr\/iletisim\/\" \/>\n<meta property=\"og:site_name\" content=\"Turkey Istanbul Medical\" \/>\n<meta property=\"article:modified_time\" content=\"2024-05-30T11:23:10+00:00\" \/>\n<meta name=\"twitter:card\" content=\"summary_large_image\" \/>\n<meta name=\"twitter:label1\" content=\"Est. reading time\" \/>\n\t<meta name=\"twitter:data1\" content=\"1 minute\" \/>\n<script type=\"application\/ld+json\" class=\"yoast-schema-graph\">{\"@context\":\"https:\/\/schema.org\",\"@graph\":[{\"@type\":\"Organization\",\"@id\":\"https:\/\/turkeyistanbulmedical.com\/#organization\",\"name\":\"Turkey Istanbul Medical\",\"url\":\"https:\/\/turkeyistanbulmedical.com\/\",\"sameAs\":[],\"logo\":{\"@type\":\"ImageObject\",\"@id\":\"https:\/\/turkeyistanbulmedical.com\/#logo\",\"inLanguage\":\"tr-TR\",\"url\":\"https:\/\/turkeyistanbulmedical.com\/wp-content\/uploads\/2021\/04\/cropped-TIM-1-1-1.png\",\"contentUrl\":\"https:\/\/turkeyistanbulmedical.com\/wp-content\/uploads\/2021\/04\/cropped-TIM-1-1-1.png\",\"width\":394,\"height\":324,\"caption\":\"Turkey Istanbul Medical\"},\"image\":{\"@id\":\"https:\/\/turkeyistanbulmedical.com\/#logo\"}},{\"@type\":\"WebSite\",\"@id\":\"https:\/\/turkeyistanbulmedical.com\/#website\",\"url\":\"https:\/\/turkeyistanbulmedical.com\/\",\"name\":\"Turkey Istanbul Medical\",\"description\":\"Healthcare consulting - Best Doctors and Hospital Istanbul\",\"publisher\":{\"@id\":\"https:\/\/turkeyistanbulmedical.com\/#organization\"},\"potentialAction\":[{\"@type\":\"SearchAction\",\"target\":{\"@type\":\"EntryPoint\",\"urlTemplate\":\"https:\/\/turkeyistanbulmedical.com\/?s={search_term_string}\"},\"query-input\":\"required name=search_term_string\"}],\"inLanguage\":\"tr-TR\"},{\"@type\":\"WebPage\",\"@id\":\"https:\/\/turkeyistanbulmedical.com\/tr\/iletisim\/#webpage\",\"url\":\"https:\/\/turkeyistanbulmedical.com\/tr\/iletisim\/\",\"name\":\"\u0130leti\u015fim - Turkey Istanbul Medical\",\"isPartOf\":{\"@id\":\"https:\/\/turkeyistanbulmedical.com\/#website\"},\"datePublished\":\"2021-05-13T02:24:28+00:00\",\"dateModified\":\"2024-05-30T11:23:10+00:00\",\"breadcrumb\":{\"@id\":\"https:\/\/turkeyistanbulmedical.com\/tr\/iletisim\/#breadcrumb\"},\"inLanguage\":\"tr-TR\",\"potentialAction\":[{\"@type\":\"ReadAction\",\"target\":[\"https:\/\/turkeyistanbulmedical.com\/tr\/iletisim\/\"]}]},{\"@type\":\"BreadcrumbList\",\"@id\":\"https:\/\/turkeyistanbulmedical.com\/tr\/iletisim\/#breadcrumb\",\"itemListElement\":[{\"@type\":\"ListItem\",\"position\":1,\"name\":\"Home\",\"item\":\"https:\/\/turkeyistanbulmedical.com\/tr\/\"},{\"@type\":\"ListItem\",\"position\":2,\"name\":\"\u0130leti\u015fim\"}]}]}<\/script>\n<!-- \/ Yoast SEO Premium plugin. -->","yoast_head_json":{"title":"\u0130leti\u015fim - Turkey Istanbul Medical","robots":{"index":"index","follow":"follow","max-snippet":"max-snippet:-1","max-image-preview":"max-image-preview:large","max-video-preview":"max-video-preview:-1"},"canonical":"https:\/\/turkeyistanbulmedical.com\/tr\/iletisim\/","og_locale":"tr_TR","og_type":"article","og_title":"\u0130leti\u015fim","og_description":"Adres Ergenekon Mah. Cumhuriyet Cd. No:175\/4\u015ei\u015fli \/ ISTANBUL \/ TURKEY Bizimle ileti\u015fime ge\u00e7in Phone : + (90) 507 430 15 56Mob : + (90) 212 256 99 98Email : info@turkeyistanbulmedical.com \u00c7al\u0131\u015fma Saatlerimiz PZT-CUM : 10:00 \u2013 20:00CMT-PZR : 10:00 \u2013 20:00","og_url":"https:\/\/turkeyistanbulmedical.com\/tr\/iletisim\/","og_site_name":"Turkey Istanbul Medical","article_modified_time":"2024-05-30T11:23:10+00:00","twitter_card":"summary_large_image","twitter_misc":{"Est. reading time":"1 minute"},"schema":{"@context":"https:\/\/schema.org","@graph":[{"@type":"Organization","@id":"https:\/\/turkeyistanbulmedical.com\/#organization","name":"Turkey Istanbul Medical","url":"https:\/\/turkeyistanbulmedical.com\/","sameAs":[],"logo":{"@type":"ImageObject","@id":"https:\/\/turkeyistanbulmedical.com\/#logo","inLanguage":"tr-TR","url":"https:\/\/turkeyistanbulmedical.com\/wp-content\/uploads\/2021\/04\/cropped-TIM-1-1-1.png","contentUrl":"https:\/\/turkeyistanbulmedical.com\/wp-content\/uploads\/2021\/04\/cropped-TIM-1-1-1.png","width":394,"height":324,"caption":"Turkey Istanbul Medical"},"image":{"@id":"https:\/\/turkeyistanbulmedical.com\/#logo"}},{"@type":"WebSite","@id":"https:\/\/turkeyistanbulmedical.com\/#website","url":"https:\/\/turkeyistanbulmedical.com\/","name":"Turkey Istanbul Medical","description":"Healthcare consulting - Best Doctors and Hospital Istanbul","publisher":{"@id":"https:\/\/turkeyistanbulmedical.com\/#organization"},"potentialAction":[{"@type":"SearchAction","target":{"@type":"EntryPoint","urlTemplate":"https:\/\/turkeyistanbulmedical.com\/?s={search_term_string}"},"query-input":"required name=search_term_string"}],"inLanguage":"tr-TR"},{"@type":"WebPage","@id":"https:\/\/turkeyistanbulmedical.com\/tr\/iletisim\/#webpage","url":"https:\/\/turkeyistanbulmedical.com\/tr\/iletisim\/","name":"\u0130leti\u015fim - Turkey Istanbul Medical","isPartOf":{"@id":"https:\/\/turkeyistanbulmedical.com\/#website"},"datePublished":"2021-05-13T02:24:28+00:00","dateModified":"2024-05-30T11:23:10+00:00","breadcrumb":{"@id":"https:\/\/turkeyistanbulmedical.com\/tr\/iletisim\/#breadcrumb"},"inLanguage":"tr-TR","potentialAction":[{"@type":"ReadAction","target":["https:\/\/turkeyistanbulmedical.com\/tr\/iletisim\/"]}]},{"@type":"BreadcrumbList","@id":"https:\/\/turkeyistanbulmedical.com\/tr\/iletisim\/#breadcrumb","itemListElement":[{"@type":"ListItem","position":1,"name":"Home","item":"https:\/\/turkeyistanbulmedical.com\/tr\/"},{"@type":"ListItem","position":2,"name":"\u0130leti\u015fim"}]}]}},"_links":{"self":[{"href":"https:\/\/turkeyistanbulmedical.com\/tr\/wp-json\/wp\/v2\/pages\/3559"}],"collection":[{"href":"https:\/\/turkeyistanbulmedical.com\/tr\/wp-json\/wp\/v2\/pages"}],"about":[{"href":"https:\/\/turkeyistanbulmedical.com\/tr\/wp-json\/wp\/v2\/types\/page"}],"author":[{"embeddable":true,"href":"https:\/\/turkeyistanbulmedical.com\/tr\/wp-json\/wp\/v2\/users\/3"}],"replies":[{"embeddable":true,"href":"https:\/\/turkeyistanbulmedical.com\/tr\/wp-json\/wp\/v2\/comments?post=3559"}],"version-history":[{"count":7,"href":"https:\/\/turkeyistanbulmedical.com\/tr\/wp-json\/wp\/v2\/pages\/3559\/revisions"}],"predecessor-version":[{"id":10509,"href":"https:\/\/turkeyistanbulmedical.com\/tr\/wp-json\/wp\/v2\/pages\/3559\/revisions\/10509"}],"wp:attachment":[{"href":"https:\/\/turkeyistanbulmedical.com\/tr\/wp-json\/wp\/v2\/media?parent=3559"}],"curies":[{"name":"wp","href":"https:\/\/api.w.org\/{rel}","templated":true}]}}