{"id":5747,"date":"2021-06-13T12:12:10","date_gmt":"2021-06-13T12:12:10","guid":{"rendered":"https:\/\/turkeyistanbulmedical.com\/traitement\/kol-bacak-hastaliklar\/"},"modified":"2021-06-13T12:13:10","modified_gmt":"2021-06-13T12:13:10","slug":"kol-bacak-hastaliklar","status":"publish","type":"page","link":"https:\/\/turkeyistanbulmedical.com\/fr\/traitement\/kol-bacak-hastaliklar\/","title":{"rendered":"Kol-Bacak Hastal\u0131klar"},"content":{"rendered":"\t\t<div data-elementor-type=\"wp-page\" data-elementor-id=\"5747\" class=\"elementor elementor-5747 elementor-3738\">\n\t\t\t\t\t\t\t\t\t<section class=\"elementor-section elementor-top-section elementor-element elementor-element-9709c46 elementor-section-height-full elementor-section-boxed elementor-section-height-default elementor-section-items-middle\" data-id=\"9709c46\" data-element_type=\"section\" data-settings=\"{&quot;background_background&quot;:&quot;classic&quot;}\">\n\t\t\t\t\t\t<div class=\"elementor-container elementor-column-gap-default\">\n\t\t\t\t\t<div class=\"elementor-column elementor-col-100 elementor-top-column elementor-element elementor-element-4b49542\" data-id=\"4b49542\" data-element_type=\"column\" data-settings=\"{&quot;background_background&quot;:&quot;classic&quot;,&quot;background_motion_fx_motion_fx_scrolling&quot;:&quot;yes&quot;,&quot;background_motion_fx_translateY_effect&quot;:&quot;yes&quot;,&quot;background_motion_fx_translateY_direction&quot;:&quot;negative&quot;,&quot;background_motion_fx_translateY_speed&quot;:{&quot;unit&quot;:&quot;px&quot;,&quot;size&quot;:4,&quot;sizes&quot;:[]},&quot;background_motion_fx_translateY_affectedRange&quot;:{&quot;unit&quot;:&quot;%&quot;,&quot;size&quot;:&quot;&quot;,&quot;sizes&quot;:{&quot;start&quot;:0,&quot;end&quot;:100}},&quot;background_motion_fx_devices&quot;:[&quot;desktop&quot;,&quot;tablet&quot;,&quot;mobile&quot;]}\">\n\t\t\t<div class=\"elementor-widget-wrap elementor-element-populated\">\n\t\t\t\t\t\t\t\t<div class=\"elementor-element elementor-element-f802144 animated-slow elementor-invisible elementor-widget elementor-widget-heading\" data-id=\"f802144\" data-element_type=\"widget\" data-settings=\"{&quot;_animation&quot;:&quot;slideInLeft&quot;}\" data-widget_type=\"heading.default\">\n\t\t\t\t<div class=\"elementor-widget-container\">\n\t\t\t<h1 class=\"elementor-heading-title elementor-size-default\"><a href=\"https:\/\/turkeyistanbulmedical.com\/fr\/traitement\/kol-bacak-hastaliklar\/\">Arm - Leg<br>\ndiseases<\/a><\/h1>\t\t<\/div>\n\t\t\t\t<\/div>\n\t\t\t\t<div class=\"elementor-element elementor-element-c21beee animated-slow elementor-invisible elementor-widget elementor-widget-text-editor\" data-id=\"c21beee\" data-element_type=\"widget\" data-settings=\"{&quot;motion_fx_motion_fx_scrolling&quot;:&quot;yes&quot;,&quot;_animation&quot;:&quot;slideInLeft&quot;,&quot;_animation_delay&quot;:100,&quot;motion_fx_devices&quot;:[&quot;desktop&quot;,&quot;tablet&quot;,&quot;mobile&quot;]}\" data-widget_type=\"text-editor.default\">\n\t\t\t\t<div class=\"elementor-widget-container\">\n\t\t\t\t\t\t\t<p>We present you in this section all diseases of <br \/>Joints, Bones, Nervous and Muscle.<\/p>\t\t\t\t\t\t<\/div>\n\t\t\t\t<\/div>\n\t\t\t\t\t<\/div>\n\t\t<\/div>\n\t\t\t\t\t\t\t<\/div>\n\t\t<\/section>\n\t\t\t\t<section class=\"elementor-section elementor-top-section elementor-element elementor-element-c702c03 elementor-section-boxed elementor-section-height-default elementor-section-height-default\" data-id=\"c702c03\" data-element_type=\"section\">\n\t\t\t\t\t\t<div class=\"elementor-container elementor-column-gap-default\">\n\t\t\t\t\t<div class=\"elementor-column elementor-col-50 elementor-top-column elementor-element elementor-element-919c45d\" data-id=\"919c45d\" data-element_type=\"column\">\n\t\t\t<div class=\"elementor-widget-wrap elementor-element-populated\">\n\t\t\t\t\t\t\t\t<div class=\"elementor-element elementor-element-cec05f3 elementor-position-left animated-slow elementor-vertical-align-top elementor-invisible elementor-widget elementor-widget-image-box\" data-id=\"cec05f3\" data-element_type=\"widget\" data-settings=\"{&quot;_animation&quot;:&quot;slideInLeft&quot;}\" data-widget_type=\"image-box.default\">\n\t\t\t\t<div class=\"elementor-widget-container\">\n\t\t\t<div class=\"elementor-image-box-wrapper\"><figure class=\"elementor-image-box-img\"><a href=\"https:\/\/turkeyistanbulmedical.com\/portfolio\/joints-diseases\/\"><img width=\"780\" height=\"500\" src=\"https:\/\/turkeyistanbulmedical.com\/wp-content\/uploads\/2021\/05\/Arthritis-knee.jpg\" class=\"attachment-full size-full\" alt=\"Joints\" \/><\/a><\/figure><div class=\"elementor-image-box-content\"><h3 class=\"elementor-image-box-title\"><a href=\"https:\/\/turkeyistanbulmedical.com\/portfolio\/joints-diseases\/\">Joints Diseases <\/a><\/h3><p class=\"elementor-image-box-description\">A joint is where two or more bones come together, like the knee, hip, elbow, or shoulder. Joints can be damaged by many types of injuries or diseases<\/p><\/div><\/div>\t\t<\/div>\n\t\t\t\t<\/div>\n\t\t\t\t<div class=\"elementor-element elementor-element-72902e5 elementor-position-left animated-slow elementor-vertical-align-top elementor-invisible elementor-widget elementor-widget-image-box\" data-id=\"72902e5\" data-element_type=\"widget\" data-settings=\"{&quot;_animation&quot;:&quot;slideInLeft&quot;}\" data-widget_type=\"image-box.default\">\n\t\t\t\t<div class=\"elementor-widget-container\">\n\t\t\t<div class=\"elementor-image-box-wrapper\"><figure class=\"elementor-image-box-img\"><a href=\"https:\/\/turkeyistanbulmedical.com\/portfolio\/nervous-diseases\/\"><img width=\"1007\" height=\"1094\" src=\"https:\/\/turkeyistanbulmedical.com\/wp-content\/uploads\/2021\/05\/Nervous-Diseases-1.png\" class=\"attachment-full size-full\" alt=\"\" \/><\/a><\/figure><div class=\"elementor-image-box-content\"><h3 class=\"elementor-image-box-title\"><a href=\"https:\/\/turkeyistanbulmedical.com\/portfolio\/nervous-diseases\/\">Nervous Diseases <\/a><\/h3><p class=\"elementor-image-box-description\">Your nervous system includes your brain, spinal cord, and nerves. Learn about neurologic diseases, including their symptoms, causes, and ...\n\n<\/p><\/div><\/div>\t\t<\/div>\n\t\t\t\t<\/div>\n\t\t\t\t\t<\/div>\n\t\t<\/div>\n\t\t\t\t<div class=\"elementor-column elementor-col-50 elementor-top-column elementor-element elementor-element-1e99124\" data-id=\"1e99124\" data-element_type=\"column\">\n\t\t\t<div class=\"elementor-widget-wrap elementor-element-populated\">\n\t\t\t\t\t\t\t\t<div class=\"elementor-element elementor-element-b4b445c elementor-position-left animated-slow elementor-vertical-align-top elementor-invisible elementor-widget elementor-widget-image-box\" data-id=\"b4b445c\" data-element_type=\"widget\" data-settings=\"{&quot;_animation&quot;:&quot;slideInRight&quot;}\" data-widget_type=\"image-box.default\">\n\t\t\t\t<div class=\"elementor-widget-container\">\n\t\t\t<div class=\"elementor-image-box-wrapper\"><figure class=\"elementor-image-box-img\"><a href=\"https:\/\/turkeyistanbulmedical.com\/portfolio\/bones-diseases\/\"><img width=\"684\" height=\"700\" src=\"https:\/\/turkeyistanbulmedical.com\/wp-content\/uploads\/2021\/05\/fibroz-displazi-.jpg\" class=\"attachment-full size-full\" alt=\"Bones\" \/><\/a><\/figure><div class=\"elementor-image-box-content\"><h3 class=\"elementor-image-box-title\"><a href=\"https:\/\/turkeyistanbulmedical.com\/portfolio\/bones-diseases\/\">Bones Diseases <\/a><\/h3><p class=\"elementor-image-box-description\"><em>Bone diseases<\/em>&nbsp;increase your risk for breaking bones. Learn about different kinds of bone problems and how genetics can play a role.<\/p><\/div><\/div>\t\t<\/div>\n\t\t\t\t<\/div>\n\t\t\t\t<div class=\"elementor-element elementor-element-9798ba7 elementor-position-left animated-slow elementor-vertical-align-top elementor-invisible elementor-widget elementor-widget-image-box\" data-id=\"9798ba7\" data-element_type=\"widget\" data-settings=\"{&quot;_animation&quot;:&quot;slideInRight&quot;}\" data-widget_type=\"image-box.default\">\n\t\t\t\t<div class=\"elementor-widget-container\">\n\t\t\t<div class=\"elementor-image-box-wrapper\"><figure class=\"elementor-image-box-img\"><a href=\"https:\/\/turkeyistanbulmedical.com\/portfolio\/muscle-diseases\/\"><img src=\"https:\/\/turkeyistanbulmedical.com\/wp-content\/uploads\/elementor\/thumbs\/muscle-px5semi4a1s4f52sp364kkto09pekm8z4sbvkc4z9k.png\" title=\"muscle\" alt=\"muscle\" \/><\/a><\/figure><div class=\"elementor-image-box-content\"><h3 class=\"elementor-image-box-title\"><a href=\"https:\/\/turkeyistanbulmedical.com\/portfolio\/muscle-diseases\/\">Muscle Diseases <\/a><\/h3><p class=\"elementor-image-box-description\">Neuromuscular&nbsp;<em>disorders<\/em>&nbsp;affect the nerves that control your voluntary&nbsp;<em>muscles<\/em>. Many are genetic. Read about different&nbsp;<em>disorders<\/em>&nbsp;and&nbsp;..<\/p><\/div><\/div>\t\t<\/div>\n\t\t\t\t<\/div>\n\t\t\t\t\t<\/div>\n\t\t<\/div>\n\t\t\t\t\t\t\t<\/div>\n\t\t<\/section>\n\t\t\t\t\t\t\t<\/div>\n\t\t","protected":false},"excerpt":{"rendered":"<p>Kol-Bacak Hastal\u0131klar Bu b\u00f6l\u00fcmde sizlere t\u00fcm hastal\u0131klar\u0131 sunuyoruz. Eklemler, Kemikler, Sinir ve Kas. Eklem Hastal\u0131klar\u0131 Eklem, diz, kal\u00e7a, dirsek veya omuz gibi iki veya daha fazla kemi\u011fin bir araya geldi\u011fi yerdir. Eklemler bir\u00e7ok t\u00fcrde yaralanma veya hastal\u0131ktan zarar g\u00f6rebilir. Sinir Hastal\u0131klar\u0131 Sinir sisteminiz beyninizi, omurili\u011finizi ve sinirlerinizi i\u00e7erir. Belirtileri, nedenleri ve semptomlar\u0131 dahil olmak \u00fczere [&hellip;]<\/p>\n","protected":false},"author":3,"featured_media":0,"parent":3873,"menu_order":0,"comment_status":"closed","ping_status":"closed","template":"elementor_header_footer","meta":[],"yoast_head":"<!-- This site is optimized with the Yoast SEO Premium plugin v17.5 (Yoast SEO v18.4.1) - https:\/\/yoast.com\/wordpress\/plugins\/seo\/ -->\n<title>Kol-Bacak Hastal\u0131klar - Turkey Istanbul Medical<\/title>\n<meta name=\"description\" content=\"Bu b\u00f6l\u00fcmde sizlere t\u00fcm hastal\u0131klar\u0131 sunuyoruz.Eklemler, Kemikler, Sinir ve Kas.\" \/>\n<meta name=\"robots\" content=\"index, follow, max-snippet:-1, max-image-preview:large, max-video-preview:-1\" \/>\n<link rel=\"canonical\" href=\"https:\/\/turkeyistanbulmedical.com\/fr\/traitement\/kol-bacak-hastaliklar\/\" \/>\n<meta property=\"og:locale\" content=\"fr_FR\" \/>\n<meta property=\"og:type\" content=\"article\" \/>\n<meta property=\"og:title\" content=\"Kol-Bacak Hastal\u0131klar\" \/>\n<meta property=\"og:description\" content=\"Bu b\u00f6l\u00fcmde sizlere t\u00fcm hastal\u0131klar\u0131 sunuyoruz.Eklemler, Kemikler, Sinir ve Kas.\" \/>\n<meta property=\"og:url\" content=\"https:\/\/turkeyistanbulmedical.com\/fr\/traitement\/kol-bacak-hastaliklar\/\" \/>\n<meta property=\"og:site_name\" content=\"Turkey Istanbul Medical\" \/>\n<meta property=\"article:modified_time\" content=\"2021-06-13T12:13:10+00:00\" \/>\n<meta property=\"og:image\" content=\"https:\/\/turkeyistanbulmedical.com\/wp-content\/uploads\/2021\/05\/Arthritis-knee.jpg\" \/>\n<meta name=\"twitter:card\" content=\"summary_large_image\" \/>\n<meta name=\"twitter:label1\" content=\"Est. reading time\" \/>\n\t<meta name=\"twitter:data1\" content=\"1 minute\" \/>\n<script type=\"application\/ld+json\" class=\"yoast-schema-graph\">{\"@context\":\"https:\/\/schema.org\",\"@graph\":[{\"@type\":\"Organization\",\"@id\":\"https:\/\/turkeyistanbulmedical.com\/#organization\",\"name\":\"Turkey Istanbul Medical\",\"url\":\"https:\/\/turkeyistanbulmedical.com\/\",\"sameAs\":[],\"logo\":{\"@type\":\"ImageObject\",\"@id\":\"https:\/\/turkeyistanbulmedical.com\/#logo\",\"inLanguage\":\"fr-FR\",\"url\":\"https:\/\/turkeyistanbulmedical.com\/wp-content\/uploads\/2021\/04\/cropped-TIM-1-1-1.png\",\"contentUrl\":\"https:\/\/turkeyistanbulmedical.com\/wp-content\/uploads\/2021\/04\/cropped-TIM-1-1-1.png\",\"width\":394,\"height\":324,\"caption\":\"Turkey Istanbul Medical\"},\"image\":{\"@id\":\"https:\/\/turkeyistanbulmedical.com\/#logo\"}},{\"@type\":\"WebSite\",\"@id\":\"https:\/\/turkeyistanbulmedical.com\/#website\",\"url\":\"https:\/\/turkeyistanbulmedical.com\/\",\"name\":\"Turkey Istanbul Medical\",\"description\":\"Healthcare consulting - Best Doctors and Hospital Istanbul\",\"publisher\":{\"@id\":\"https:\/\/turkeyistanbulmedical.com\/#organization\"},\"potentialAction\":[{\"@type\":\"SearchAction\",\"target\":{\"@type\":\"EntryPoint\",\"urlTemplate\":\"https:\/\/turkeyistanbulmedical.com\/?s={search_term_string}\"},\"query-input\":\"required name=search_term_string\"}],\"inLanguage\":\"fr-FR\"},{\"@type\":\"ImageObject\",\"@id\":\"https:\/\/turkeyistanbulmedical.com\/fr\/traitement\/kol-bacak-hastaliklar\/#primaryimage\",\"inLanguage\":\"fr-FR\",\"url\":\"https:\/\/turkeyistanbulmedical.com\/wp-content\/uploads\/2021\/05\/Arthritis-knee.jpg\",\"contentUrl\":\"https:\/\/turkeyistanbulmedical.com\/wp-content\/uploads\/2021\/05\/Arthritis-knee.jpg\",\"width\":780,\"height\":500,\"caption\":\"Joints\"},{\"@type\":\"WebPage\",\"@id\":\"https:\/\/turkeyistanbulmedical.com\/fr\/traitement\/kol-bacak-hastaliklar\/#webpage\",\"url\":\"https:\/\/turkeyistanbulmedical.com\/fr\/traitement\/kol-bacak-hastaliklar\/\",\"name\":\"Kol-Bacak Hastal\u0131klar - Turkey Istanbul Medical\",\"isPartOf\":{\"@id\":\"https:\/\/turkeyistanbulmedical.com\/#website\"},\"primaryImageOfPage\":{\"@id\":\"https:\/\/turkeyistanbulmedical.com\/fr\/traitement\/kol-bacak-hastaliklar\/#primaryimage\"},\"datePublished\":\"2021-06-13T12:12:10+00:00\",\"dateModified\":\"2021-06-13T12:13:10+00:00\",\"description\":\"Bu b\u00f6l\u00fcmde sizlere t\u00fcm hastal\u0131klar\u0131 sunuyoruz.Eklemler, Kemikler, Sinir ve Kas.\",\"breadcrumb\":{\"@id\":\"https:\/\/turkeyistanbulmedical.com\/fr\/traitement\/kol-bacak-hastaliklar\/#breadcrumb\"},\"inLanguage\":\"fr-FR\",\"potentialAction\":[{\"@type\":\"ReadAction\",\"target\":[\"https:\/\/turkeyistanbulmedical.com\/fr\/traitement\/kol-bacak-hastaliklar\/\"]}]},{\"@type\":\"BreadcrumbList\",\"@id\":\"https:\/\/turkeyistanbulmedical.com\/fr\/traitement\/kol-bacak-hastaliklar\/#breadcrumb\",\"itemListElement\":[{\"@type\":\"ListItem\",\"position\":1,\"name\":\"Home\",\"item\":\"https:\/\/turkeyistanbulmedical.com\/fr\/\"},{\"@type\":\"ListItem\",\"position\":2,\"name\":\"Traitement\",\"item\":\"https:\/\/turkeyistanbulmedical.com\/fr\/traitement\/\"},{\"@type\":\"ListItem\",\"position\":3,\"name\":\"Kol-Bacak Hastal\u0131klar\"}]}]}<\/script>\n<!-- \/ Yoast SEO Premium plugin. -->","yoast_head_json":{"title":"Kol-Bacak Hastal\u0131klar - Turkey Istanbul Medical","description":"Bu b\u00f6l\u00fcmde sizlere t\u00fcm hastal\u0131klar\u0131 sunuyoruz.Eklemler, Kemikler, Sinir ve Kas.","robots":{"index":"index","follow":"follow","max-snippet":"max-snippet:-1","max-image-preview":"max-image-preview:large","max-video-preview":"max-video-preview:-1"},"canonical":"https:\/\/turkeyistanbulmedical.com\/fr\/traitement\/kol-bacak-hastaliklar\/","og_locale":"fr_FR","og_type":"article","og_title":"Kol-Bacak Hastal\u0131klar","og_description":"Bu b\u00f6l\u00fcmde sizlere t\u00fcm hastal\u0131klar\u0131 sunuyoruz.Eklemler, Kemikler, Sinir ve Kas.","og_url":"https:\/\/turkeyistanbulmedical.com\/fr\/traitement\/kol-bacak-hastaliklar\/","og_site_name":"Turkey Istanbul Medical","article_modified_time":"2021-06-13T12:13:10+00:00","og_image":[{"url":"https:\/\/turkeyistanbulmedical.com\/wp-content\/uploads\/2021\/05\/Arthritis-knee.jpg"}],"twitter_card":"summary_large_image","twitter_misc":{"Est. reading time":"1 minute"},"schema":{"@context":"https:\/\/schema.org","@graph":[{"@type":"Organization","@id":"https:\/\/turkeyistanbulmedical.com\/#organization","name":"Turkey Istanbul Medical","url":"https:\/\/turkeyistanbulmedical.com\/","sameAs":[],"logo":{"@type":"ImageObject","@id":"https:\/\/turkeyistanbulmedical.com\/#logo","inLanguage":"fr-FR","url":"https:\/\/turkeyistanbulmedical.com\/wp-content\/uploads\/2021\/04\/cropped-TIM-1-1-1.png","contentUrl":"https:\/\/turkeyistanbulmedical.com\/wp-content\/uploads\/2021\/04\/cropped-TIM-1-1-1.png","width":394,"height":324,"caption":"Turkey Istanbul Medical"},"image":{"@id":"https:\/\/turkeyistanbulmedical.com\/#logo"}},{"@type":"WebSite","@id":"https:\/\/turkeyistanbulmedical.com\/#website","url":"https:\/\/turkeyistanbulmedical.com\/","name":"Turkey Istanbul Medical","description":"Healthcare consulting - Best Doctors and Hospital Istanbul","publisher":{"@id":"https:\/\/turkeyistanbulmedical.com\/#organization"},"potentialAction":[{"@type":"SearchAction","target":{"@type":"EntryPoint","urlTemplate":"https:\/\/turkeyistanbulmedical.com\/?s={search_term_string}"},"query-input":"required name=search_term_string"}],"inLanguage":"fr-FR"},{"@type":"ImageObject","@id":"https:\/\/turkeyistanbulmedical.com\/fr\/traitement\/kol-bacak-hastaliklar\/#primaryimage","inLanguage":"fr-FR","url":"https:\/\/turkeyistanbulmedical.com\/wp-content\/uploads\/2021\/05\/Arthritis-knee.jpg","contentUrl":"https:\/\/turkeyistanbulmedical.com\/wp-content\/uploads\/2021\/05\/Arthritis-knee.jpg","width":780,"height":500,"caption":"Joints"},{"@type":"WebPage","@id":"https:\/\/turkeyistanbulmedical.com\/fr\/traitement\/kol-bacak-hastaliklar\/#webpage","url":"https:\/\/turkeyistanbulmedical.com\/fr\/traitement\/kol-bacak-hastaliklar\/","name":"Kol-Bacak Hastal\u0131klar - Turkey Istanbul Medical","isPartOf":{"@id":"https:\/\/turkeyistanbulmedical.com\/#website"},"primaryImageOfPage":{"@id":"https:\/\/turkeyistanbulmedical.com\/fr\/traitement\/kol-bacak-hastaliklar\/#primaryimage"},"datePublished":"2021-06-13T12:12:10+00:00","dateModified":"2021-06-13T12:13:10+00:00","description":"Bu b\u00f6l\u00fcmde sizlere t\u00fcm hastal\u0131klar\u0131 sunuyoruz.Eklemler, Kemikler, Sinir ve Kas.","breadcrumb":{"@id":"https:\/\/turkeyistanbulmedical.com\/fr\/traitement\/kol-bacak-hastaliklar\/#breadcrumb"},"inLanguage":"fr-FR","potentialAction":[{"@type":"ReadAction","target":["https:\/\/turkeyistanbulmedical.com\/fr\/traitement\/kol-bacak-hastaliklar\/"]}]},{"@type":"BreadcrumbList","@id":"https:\/\/turkeyistanbulmedical.com\/fr\/traitement\/kol-bacak-hastaliklar\/#breadcrumb","itemListElement":[{"@type":"ListItem","position":1,"name":"Home","item":"https:\/\/turkeyistanbulmedical.com\/fr\/"},{"@type":"ListItem","position":2,"name":"Traitement","item":"https:\/\/turkeyistanbulmedical.com\/fr\/traitement\/"},{"@type":"ListItem","position":3,"name":"Kol-Bacak Hastal\u0131klar"}]}]}},"_links":{"self":[{"href":"https:\/\/turkeyistanbulmedical.com\/fr\/wp-json\/wp\/v2\/pages\/5747"}],"collection":[{"href":"https:\/\/turkeyistanbulmedical.com\/fr\/wp-json\/wp\/v2\/pages"}],"about":[{"href":"https:\/\/turkeyistanbulmedical.com\/fr\/wp-json\/wp\/v2\/types\/page"}],"author":[{"embeddable":true,"href":"https:\/\/turkeyistanbulmedical.com\/fr\/wp-json\/wp\/v2\/users\/3"}],"replies":[{"embeddable":true,"href":"https:\/\/turkeyistanbulmedical.com\/fr\/wp-json\/wp\/v2\/comments?post=5747"}],"version-history":[{"count":1,"href":"https:\/\/turkeyistanbulmedical.com\/fr\/wp-json\/wp\/v2\/pages\/5747\/revisions"}],"predecessor-version":[{"id":5748,"href":"https:\/\/turkeyistanbulmedical.com\/fr\/wp-json\/wp\/v2\/pages\/5747\/revisions\/5748"}],"up":[{"embeddable":true,"href":"https:\/\/turkeyistanbulmedical.com\/fr\/wp-json\/wp\/v2\/pages\/3873"}],"wp:attachment":[{"href":"https:\/\/turkeyistanbulmedical.com\/fr\/wp-json\/wp\/v2\/media?parent=5747"}],"curies":[{"name":"wp","href":"https:\/\/api.w.org\/{rel}","templated":true}]}}